{"id":126,"date":"2026-02-26T22:22:46","date_gmt":"2026-02-26T22:22:46","guid":{"rendered":"https:\/\/letbemoto.rs\/?page_id=126"},"modified":"2026-05-05T15:57:07","modified_gmt":"2026-05-05T15:57:07","slug":"kontaktirajte-nas","status":"publish","type":"page","link":"https:\/\/letbemoto.rs\/bs\/contact-us\/","title":{"rendered":"Kontakt"},"content":{"rendered":"<section class=\"bde-section-126-100 bde-section\">\n              \n  \n  \n\t\n\n  <div class=\"section-background-overlay\"><\/div>\n\n\n<div class=\"section-container\"><h1 class=\"bde-heading-126-101 bde-heading\">\nSPREMAN ZA PRVI POTEZ?\n<\/h1><div class=\"bde-text-126-102 bde-text\">\nBilo da te zanima konkretan model, uslovi kupovine ili prosto \u017eeli\u0161 da sazna\u0161 vi\u0161e - mi smo tu. Pi\u0161i nam, a mi \u0107emo se pobrinuti za ostatak.\n<\/div><div class=\"bde-button-126-115 bde-button\">\n        \n    \n    \n    \n    \n            \n                    \n            \n            \n\n    \n    \n    \n    \n    \n    <a class=\"breakdance-link button-atom button-atom--primary bde-button__button\" href=\"#contact-form\" target=\"_self\" data-type=\"url\"  >\n\n    \n        <span class=\"button-atom__text\">Ostavi poruku - javi\u0107emo se brzo<\/span>\n\n        \n        \n                <\/a>\n\n    \n\n\n<\/div><\/div>\n<\/section><section id=\"contact-form\" class=\"bde-section-126-103 bde-section\">\n  \n  \n\t\n\n\n\n<div class=\"section-container\"><div class=\"bde-div-126-106 bde-div\">\n  \n  \n\t\n\n\n\n<h2 class=\"bde-heading-126-104 bde-heading\">\nLETBE Srbija\n<\/h2><div class=\"bde-rich-text-126-105 bde-rich-text breakdance-rich-text-styles\">\n<p><a href=\"mailto:info@letbemoto.rs\" data-tt=\"{&quot;link&quot;:&quot;mailto:info@letbemoto.rs&quot;,&quot;paragraphStyle&quot;:{&quot;alignment&quot;:4,&quot;writingDirection&quot;:1}}\">info@letbemoto.rs<\/a><\/p>\n<p><a href=\"tel:+381605454750\"><span data-tt=\"{&quot;paragraphStyle&quot;:{&quot;alignment&quot;:4,&quot;writingDirection&quot;:1}}\"><span style=\"font-weight: 400;\">+381 60 5454 750<\/span><\/span><\/a><\/p>\n<p><span data-tt=\"{&quot;paragraphStyle&quot;:{&quot;alignment&quot;:4,&quot;writingDirection&quot;:1}}\">Zrenjaninski put 98a, Beograd, Srbija<\/span><\/p>\n<\/div><h3 class=\"bde-heading-126-107 bde-heading\">\nFAQs\n<\/h3><div class=\"bde-text-126-108 bde-text\">\nOdgovori na naj\u010de\u0161\u0107a pitanja\n<\/div><div class=\"bde-button-126-109 bde-button\">\n        \n    \n    \n    \n    \n            \n                    \n            \n            \n\n    \n    \n    \n    \n    \n    <a class=\"breakdance-link button-atom button-atom--primary bde-button__button\" href=\"https:\/\/letbemoto.rs\/faqs\/\" target=\"_self\" data-type=\"url\"  >\n\n    \n        <span class=\"button-atom__text\">Pogledajte FAQ<\/span>\n\n        \n        \n                <\/a>\n\n    \n\n\n<\/div><h3 class=\"bde-heading-126-110 bde-heading\">\nFirma\n<\/h3><div class=\"bde-text-126-111 bde-text\">\nSaznaj vi\u0161e o brendu koji menja pravila igre.\n<\/div><div class=\"bde-button-126-112 bde-button\">\n        \n    \n    \n    \n    \n            \n                    \n            \n            \n\n    \n    \n    \n    \n    \n    <a class=\"breakdance-link button-atom button-atom--primary bde-button__button\" href=\"https:\/\/letbemoto.rs\/about-us\/\" target=\"_self\" data-type=\"url\"  >\n\n    \n        <span class=\"button-atom__text\">O nama<\/span>\n\n        \n        \n                <\/a>\n\n    \n\n\n<\/div>\n<\/div><div class=\"bde-div-126-114 bde-div\">\n  \n  \n\t\n\n\n\n<div class=\"bde-form-builder-126-113 bde-form-builder\">\n\n<form id=\"contact-form113\" class=\"breakdance-form breakdance-form--vertical\" data-options=\"{&quot;slug&quot;:&quot;custom&quot;,&quot;name&quot;:&quot;Contact Form&quot;,&quot;ajaxUrl&quot;:&quot;https:\\\/\\\/letbemoto.rs\\\/wp-admin\\\/admin-ajax.php&quot;,&quot;clearOnSuccess&quot;:true,&quot;hideOnSuccess&quot;:false,&quot;successMessage&quot;:&quot;Your message has been received!&quot;,&quot;errorMessage&quot;:&quot;Something went wrong&quot;,&quot;redirect&quot;:false,&quot;redirectUrl&quot;:&quot;&quot;,&quot;customJavaScript&quot;:&quot;&quot;,&quot;recaptcha&quot;:{&quot;key&quot;:&quot;&quot;,&quot;enabled&quot;:false},&quot;honeypot_enabled&quot;:false,&quot;popupsOnSuccess&quot;:[],&quot;popupsOnError&quot;:[]}\" data-steps=\"0\" >\n  \n  \n  \n<div class=\"breakdance-form-field breakdance-form-field--text\" >\n    \n    \n            <label class=\"breakdance-form-field__label\" for=\"name\">\n            Ime<span class=\"breakdance-form-field__required\">*<\/span>\n        <\/label>\n    \n    <input\n    class=\"breakdance-form-field__input\"\n    id=\"name\"\n    aria-describedby=\"name\"\n    type=\"text\"\n    name=\"fields[name]\"\n    placeholder=\"\"\n    value=\"\"\n                \n        \n        \n    required\n    \n    \n    \n    \n    \n>\n\n\n    \n    \n<\/div>\n\n\n<div class=\"breakdance-form-field breakdance-form-field--email\" >\n    \n    \n            <label class=\"breakdance-form-field__label\" for=\"email\">\n            Email<span class=\"breakdance-form-field__required\">*<\/span>\n        <\/label>\n    \n    <input\n    class=\"breakdance-form-field__input\"\n    id=\"email\"\n    aria-describedby=\"email\"\n    type=\"email\"\n    name=\"fields[email]\"\n    placeholder=\"\"\n    value=\"\"\n                \n        \n        \n    required\n    \n    \n    \n    \n    \n>\n\n\n    \n    \n<\/div>\n\n\n<div class=\"breakdance-form-field breakdance-form-field--select\" >\n    \n    \n            <label class=\"breakdance-form-field__label\" for=\"lejmmo\">\n            Razlog<span class=\"breakdance-form-field__required\">*<\/span>\n        <\/label>\n    \n    <select\n    class=\"breakdance-form-field__input\"\n    id=\"lejmmo\"\n    name=\"fields[lejmmo]\"\n    required\n    \n        \n    \n    >\n      <option value=\"\">Razlog<\/option>\n          <option value=\"Reason 1\" >Reason 1<\/option>\n        <option value=\"Reason 2\" >Reason 2<\/option>\n  <\/select>\n\n\n    \n    \n<\/div>\n\n\n<div class=\"breakdance-form-field breakdance-form-field--textarea\" >\n    \n    \n            <label class=\"breakdance-form-field__label\" for=\"message\">\n            Poruka<span class=\"breakdance-form-field__required\">*<\/span>\n        <\/label>\n    \n    <textarea\n    class=\"breakdance-form-field__input\"\n    id=\"message\"\n    aria-describedby=\"message\"\n    type=\"textarea\"\n    name=\"fields[message]\"\n        rows=\"6\"\n        placeholder=\"\"\n    required\n    \n    \n    >\n<\/textarea>\n\n\n    \n    \n<\/div><div class=\"breakdance-form-field breakdance-form-footer\">    \n    \n    \n    \n    \n            \n            <button type=\"submit\" class=\"button-atom button-atom--primary breakdance-form-button breakdance-form-button__submit\"  >\n    \n        <span class=\"button-atom__text\">Po\u0161aljite<\/span>\n\n        \n        \n            <\/button>\n    \n    <input type=\"hidden\" name=\"form_id\" value=\"113\">\n    <input type=\"hidden\" name=\"post_id\" value=\"126\">\n<\/div>\n\n  \n<\/form>\n\n\n<\/div>\n<\/div><\/div>\n<\/section>","protected":false},"excerpt":{"rendered":"<p>SPREMAN ZA PRVI POTEZ? Bilo da te zanima konkretan model, uslovi kupovine ili prosto \u017eeli\u0161 da sazna\u0161 vi\u0161e &#8211; mi smo tu. Pi\u0161i nam, a mi \u0107emo se pobrinuti za ostatak. Ostavi poruku &#8211; javi\u0107emo se brzo LETBE Srbija info@letbemoto.rs +381 60 5454 750 Zrenjaninski put 98a, Beograd, Srbija FAQs Odgovori na naj\u010de\u0161\u0107a pitanja Pogledajte [&hellip;]<\/p>\n","protected":false},"author":1,"featured_media":0,"parent":0,"menu_order":0,"comment_status":"closed","ping_status":"closed","template":"","meta":{"_breakdance_hide_in_design_set":false,"_breakdance_tags":"","footnotes":""},"class_list":["post-126","page","type-page","status-publish","hentry"],"_links":{"self":[{"href":"https:\/\/letbemoto.rs\/bs\/wp-json\/wp\/v2\/pages\/126","targetHints":{"allow":["GET"]}}],"collection":[{"href":"https:\/\/letbemoto.rs\/bs\/wp-json\/wp\/v2\/pages"}],"about":[{"href":"https:\/\/letbemoto.rs\/bs\/wp-json\/wp\/v2\/types\/page"}],"author":[{"embeddable":true,"href":"https:\/\/letbemoto.rs\/bs\/wp-json\/wp\/v2\/users\/1"}],"replies":[{"embeddable":true,"href":"https:\/\/letbemoto.rs\/bs\/wp-json\/wp\/v2\/comments?post=126"}],"version-history":[{"count":26,"href":"https:\/\/letbemoto.rs\/bs\/wp-json\/wp\/v2\/pages\/126\/revisions"}],"predecessor-version":[{"id":788,"href":"https:\/\/letbemoto.rs\/bs\/wp-json\/wp\/v2\/pages\/126\/revisions\/788"}],"wp:attachment":[{"href":"https:\/\/letbemoto.rs\/bs\/wp-json\/wp\/v2\/media?parent=126"}],"curies":[{"name":"wp","href":"https:\/\/api.w.org\/{rel}","templated":true}]}}